{"id":3671,"date":"2020-07-08T19:09:58","date_gmt":"2020-07-08T19:09:58","guid":{"rendered":"https:\/\/cburgiovignolopropiedades.com.ar\/propiedades\/?page_id=3671"},"modified":"2020-07-13T20:03:50","modified_gmt":"2020-07-13T20:03:50","slug":"quienes-somos","status":"publish","type":"page","link":"https:\/\/cburgiovignolopropiedades.com.ar\/propiedades\/","title":{"rendered":"Quienes Somos"},"content":{"rendered":"<h2><strong><span style=\"text-shadow: 0px 1px 5px rgba(0,0,0,.3);\">Quienes Somos<\/span><\/strong><\/h2>\n<p>SOMOS UNA EMPRESA LIDER EN EL MERCADO INMOBILIARIO en la zona OESTE de Bs.As.-<br \/>\nC.Burgio Vignolo Propiedades es una empresa joven, pero con muchos a\u00f1os de experiencia en el rubro inmobiliario, con un gran equipo humano y capacidad para la resoluci\u00f3n de su pr\u00f3xima compra venta, o renta.<\/p>\n<p>Llegamos por medio de NUESTRA P\u00c1GINA \u201cC BURGIO VIGNOLO PROPIEDADES\u201d y REDES SOCIALES  a miles de compradores y vendedores  para que la compra\/venta sea un motivo de \u00e9xito y as\u00ed superen las expectativas de TODOS NUESTROS CLIENTES, consiguiendo de ellos lazos comerciales s\u00f3lidos y perdurables. Basados en los tres pilares fundamentales de nuestro negocio, honestidad, transparencia y responsabilidad.<\/p>\n","protected":false},"excerpt":{"rendered":"<p>Quienes Somos SOMOS UNA EMPRESA LIDER EN EL MERCADO INMOBILIARIO en la zona OESTE de Bs.As.- C.Burgio Vignolo Propiedades es una empresa joven, pero con muchos a\u00f1os de experiencia en el rubro inmobiliario, con un gran equipo humano y capacidad para la resoluci\u00f3n de su pr\u00f3xima compra venta, o renta. Llegamos por medio de NUESTRA [&hellip;]<\/p>\n","protected":false},"author":2,"featured_media":0,"parent":0,"menu_order":0,"comment_status":"closed","ping_status":"closed","template":"","meta":[],"_links":{"self":[{"href":"https:\/\/cburgiovignolopropiedades.com.ar\/propiedades\/wp-json\/wp\/v2\/pages\/3671"}],"collection":[{"href":"https:\/\/cburgiovignolopropiedades.com.ar\/propiedades\/wp-json\/wp\/v2\/pages"}],"about":[{"href":"https:\/\/cburgiovignolopropiedades.com.ar\/propiedades\/wp-json\/wp\/v2\/types\/page"}],"author":[{"embeddable":true,"href":"https:\/\/cburgiovignolopropiedades.com.ar\/propiedades\/wp-json\/wp\/v2\/users\/2"}],"replies":[{"embeddable":true,"href":"https:\/\/cburgiovignolopropiedades.com.ar\/propiedades\/wp-json\/wp\/v2\/comments?post=3671"}],"version-history":[{"count":3,"href":"https:\/\/cburgiovignolopropiedades.com.ar\/propiedades\/wp-json\/wp\/v2\/pages\/3671\/revisions"}],"predecessor-version":[{"id":3753,"href":"https:\/\/cburgiovignolopropiedades.com.ar\/propiedades\/wp-json\/wp\/v2\/pages\/3671\/revisions\/3753"}],"wp:attachment":[{"href":"https:\/\/cburgiovignolopropiedades.com.ar\/propiedades\/wp-json\/wp\/v2\/media?parent=3671"}],"curies":[{"name":"wp","href":"https:\/\/api.w.org\/{rel}","templated":true}]}}