{"id":3683,"date":"2020-07-08T19:47:37","date_gmt":"2020-07-08T19:47:37","guid":{"rendered":"https:\/\/cburgiovignolopropiedades.com.ar\/propiedades\/?page_id=3683"},"modified":"2020-07-13T20:10:58","modified_gmt":"2020-07-13T20:10:58","slug":"servicios","status":"publish","type":"page","link":"https:\/\/cburgiovignolopropiedades.com.ar\/propiedades\/servicios\/","title":{"rendered":"Servicios"},"content":{"rendered":"<h2><strong><span style=\"text-shadow: 1px 1px 1px #3b3b3b;\">Servicios que ofrecemos.\u00a0<\/span><\/strong><\/h2>\n<ul>\n<li>Compraventa de\u00a0 inmuebles y locaciones UNIFAMILIARES, EDIFICIOS, DEPARTAMENTOS EN POZO, OFICINAS, LOCALES, DEPOSITOS, GALPONES, PLANTAS INDUSTRIALES, CAMPOS. COUNTRIES Y BARRIOS CERRADOS.<\/li>\n<li>Las propiedades incorporadas a nuestra CARTERA tendr\u00e1n un tratamiento de excelencia para la r\u00e1pida venta o realizaci\u00f3n.<\/li>\n<li>Despu\u00e9s de ser TASADA y evaluado el entorno donde se ubica, por medio de nuestra ATENCI\u00d3N PERSONALIZADA realizaremos la Publicaci\u00f3n en nuestra p\u00e1gina y redes sociales.<\/li>\n<\/ul>\n<p><strong>TASACIONES<\/strong><\/p>\n<p>. Tratamos de vender su propiedad al mejor precio posible.<\/p>\n<p>. Contamos con profesionales especializados en TASACIONES.<\/p>\n<p>. Llevamos varios a\u00f1os de experiencia en el mercado inmobiliario.<\/p>\n<p>. Cobramos honorarios de acuerdo a la ley.<\/p>\n<p><strong>CONTAMOS TAMBI\u00c9N CON<\/strong>:<\/p>\n<ul>\n<li>ASESORAMIENTO JUR\u00cdDICO INTEGRAL<\/li>\n<li>ASESORAMIENTO NOTARIAL<\/li>\n<li>ARQUITECTURA<\/li>\n<li>ADMINISTRACI\u00d3N DE ACTIVOS INMOBILIARIOS<\/li>\n<\/ul>\n<p><strong>OBJETIVOS CLAROS Y EFICIENCIA EN<\/strong>:<\/p>\n<p>. Compraventa de inmuebles urbanos y rurales.<\/p>\n<p>.Tierra para DESARROLLADORES.<\/p>\n<p>.Asesoramiento y obtenci\u00f3n de las mejores FACILIDADES en PR\u00c9STAMOS\u00a0 para todas sus compras.<\/p>\n<p><strong>INVERSIONES<\/strong><\/p>\n<p>Nuestro equipo asesor de INVERSIONES, con vendedores experimentados en el\u00a0 mercado inmobiliario y estad\u00edsticas reales.<\/p>\n<p><strong>POSIBILITA<\/strong>:<\/p>\n<p>.Compra de tierras urbanas para construir inmuebles para la \u201cVENTA\u201d o la \u201cRENTA\u201d.<\/p>\n<p>.Compra de DEPARTAMENTOS a construir (obra en pozo) con precios \u201cFAVORABLES\u201d en la primera etapa de la obra y con \u201cFINANCIACION\u201d.<\/p>\n<p>Estamos creando constantes negocios, inversiones, desarrollos inmobiliarios para usted.<\/p>\n","protected":false},"excerpt":{"rendered":"<p>Servicios que ofrecemos.\u00a0 Compraventa de\u00a0 inmuebles y locaciones UNIFAMILIARES, EDIFICIOS, DEPARTAMENTOS EN POZO, OFICINAS, LOCALES, DEPOSITOS, GALPONES, PLANTAS INDUSTRIALES, CAMPOS. COUNTRIES Y BARRIOS CERRADOS. Las propiedades incorporadas a nuestra CARTERA tendr\u00e1n un tratamiento de excelencia para la r\u00e1pida venta o realizaci\u00f3n. Despu\u00e9s de ser TASADA y evaluado el entorno donde se ubica, por medio de [&hellip;]<\/p>\n","protected":false},"author":2,"featured_media":0,"parent":0,"menu_order":0,"comment_status":"closed","ping_status":"closed","template":"","meta":[],"_links":{"self":[{"href":"https:\/\/cburgiovignolopropiedades.com.ar\/propiedades\/wp-json\/wp\/v2\/pages\/3683"}],"collection":[{"href":"https:\/\/cburgiovignolopropiedades.com.ar\/propiedades\/wp-json\/wp\/v2\/pages"}],"about":[{"href":"https:\/\/cburgiovignolopropiedades.com.ar\/propiedades\/wp-json\/wp\/v2\/types\/page"}],"author":[{"embeddable":true,"href":"https:\/\/cburgiovignolopropiedades.com.ar\/propiedades\/wp-json\/wp\/v2\/users\/2"}],"replies":[{"embeddable":true,"href":"https:\/\/cburgiovignolopropiedades.com.ar\/propiedades\/wp-json\/wp\/v2\/comments?post=3683"}],"version-history":[{"count":2,"href":"https:\/\/cburgiovignolopropiedades.com.ar\/propiedades\/wp-json\/wp\/v2\/pages\/3683\/revisions"}],"predecessor-version":[{"id":3761,"href":"https:\/\/cburgiovignolopropiedades.com.ar\/propiedades\/wp-json\/wp\/v2\/pages\/3683\/revisions\/3761"}],"wp:attachment":[{"href":"https:\/\/cburgiovignolopropiedades.com.ar\/propiedades\/wp-json\/wp\/v2\/media?parent=3683"}],"curies":[{"name":"wp","href":"https:\/\/api.w.org\/{rel}","templated":true}]}}